{"id":8800,"date":"2020-09-04T09:27:58","date_gmt":"2020-09-04T09:27:58","guid":{"rendered":"https:\/\/uturn-now.com\/contact\/"},"modified":"2023-11-07T15:28:11","modified_gmt":"2023-11-07T15:28:11","slug":"kontakt","status":"publish","type":"page","link":"https:\/\/uturn-now.com\/de\/kontakt\/","title":{"rendered":"Kontakt"},"content":{"rendered":"\t\t<div data-elementor-type=\"wp-page\" data-elementor-id=\"8800\" class=\"elementor elementor-8800 elementor-1510\" data-elementor-post-type=\"page\">\n\t\t\t\t\t\t<section class=\"elementor-section elementor-top-section elementor-element elementor-element-86d48d0 elementor-section-content-bottom elementor-section-boxed elementor-section-height-default elementor-section-height-default\" data-id=\"86d48d0\" data-element_type=\"section\" data-settings=\"{&quot;_ha_eqh_enable&quot;:false}\">\n\t\t\t\t\t\t<div class=\"elementor-container elementor-column-gap-extended\">\n\t\t\t\t\t<div class=\"elementor-column elementor-col-33 elementor-top-column elementor-element elementor-element-1feabce ot-flex-column-vertical\" data-id=\"1feabce\" data-element_type=\"column\">\n\t\t\t<div class=\"elementor-widget-wrap elementor-element-populated\">\n\t\t\t\t\t\t<div class=\"elementor-element elementor-element-030e332 heading elementor-widget elementor-widget-iheading\" data-id=\"030e332\" data-element_type=\"widget\" data-widget_type=\"iheading.default\">\n\t\t\t\t<div class=\"elementor-widget-container\">\n\t\t\t\t\t<div class=\"ot-heading\">\r\n\t        <span class=\"\">Kontaktdetails<\/span>\t        <h1 class=\"main-head\">Interessiert an unseren Dienst- leistungen?<\/h1>\t    <\/div>\r\n\t    \t\t<\/div>\n\t\t\t\t<\/div>\n\t\t\t\t<div class=\"elementor-element elementor-element-588e854 elementor-widget elementor-widget-text-editor\" data-id=\"588e854\" data-element_type=\"widget\" data-widget_type=\"text-editor.default\">\n\t\t\t\t<div class=\"elementor-widget-container\">\n\t\t\t\t\t\t\t<p>Ben\u00f6tigen Sie Kapazit\u00e4ten, sind Sie neugierig auf unsere Preise oder ben\u00f6tigen Sie weitere Informationen? Kontaktieren Sie uns f\u00fcr einen Termin oder f\u00fcllen Sie das untenstehende Formular aus! Wir freuen uns darauf!<\/p>\t\t\t\t\t\t<\/div>\n\t\t\t\t<\/div>\n\t\t\t\t<div class=\"elementor-element elementor-element-130afd7 box-s1 icon-left elementor-widget elementor-widget-iiconbox2\" data-id=\"130afd7\" data-element_type=\"widget\" data-widget_type=\"iiconbox2.default\">\n\t\t\t\t<div class=\"elementor-widget-container\">\n\t\t\t\t\t<div class=\"icon-box icon-box-2\">\r\n\t\t\t<div class=\"icon-main\">\r\n\t\t        <svg aria-hidden=\"true\" class=\"e-font-icon-svg e-fas-map-marker-alt\" viewBox=\"0 0 384 512\" xmlns=\"http:\/\/www.w3.org\/2000\/svg\"><path d=\"M172.268 501.67C26.97 291.031 0 269.413 0 192 0 85.961 85.961 0 192 0s192 85.961 192 192c0 77.413-26.97 99.031-172.268 309.67-9.535 13.774-29.93 13.773-39.464 0zM192 272c44.183 0 80-35.817 80-80s-35.817-80-80-80-80 35.817-80 80 35.817 80 80 80z\"><\/path><\/svg>\t        <\/div>\r\n\t        <div class=\"content-box\">\r\n\t\t\t\t<h6 class=\"title-box\">Besuchsadresse<\/h6>\t\t\t\t<p>Marconistraat 16<br>\n3029 AK  Rotterdam<\/p>\t\t\t<\/div>\r\n\t    <\/div>\r\n\t    \t\t<\/div>\n\t\t\t\t<\/div>\n\t\t\t\t<div class=\"elementor-element elementor-element-8ab1650 box-s1 icon-left elementor-widget elementor-widget-iiconbox2\" data-id=\"8ab1650\" data-element_type=\"widget\" data-widget_type=\"iiconbox2.default\">\n\t\t\t\t<div class=\"elementor-widget-container\">\n\t\t\t\t\t<div class=\"icon-box icon-box-2\">\r\n\t\t\t<div class=\"icon-main\">\r\n\t\t        <svg aria-hidden=\"true\" class=\"e-font-icon-svg e-fas-phone-alt\" viewBox=\"0 0 512 512\" xmlns=\"http:\/\/www.w3.org\/2000\/svg\"><path d=\"M497.39 361.8l-112-48a24 24 0 0 0-28 6.9l-49.6 60.6A370.66 370.66 0 0 1 130.6 204.11l60.6-49.6a23.94 23.94 0 0 0 6.9-28l-48-112A24.16 24.16 0 0 0 122.6.61l-104 24A24 24 0 0 0 0 48c0 256.5 207.9 464 464 464a24 24 0 0 0 23.4-18.6l24-104a24.29 24.29 0 0 0-14.01-27.6z\"><\/path><\/svg>\t        <\/div>\r\n\t        <div class=\"content-box\">\r\n\t\t\t\t<h6 class=\"title-box\"><a href=\"tel:+31103106300\">Rufen Sie uns an<\/a><\/h6>\t\t\t\t<p><a href=\"tel:+31103106300\" title=\"Bel ons\">+31 10 310 6300<\/a><\/p>\t\t\t<\/div>\r\n\t    <\/div>\r\n\t    \t\t<\/div>\n\t\t\t\t<\/div>\n\t\t\t\t<div class=\"elementor-element elementor-element-f3cf3dd box-s1 icon-left elementor-widget elementor-widget-iiconbox2\" data-id=\"f3cf3dd\" data-element_type=\"widget\" data-widget_type=\"iiconbox2.default\">\n\t\t\t\t<div class=\"elementor-widget-container\">\n\t\t\t\t\t<div class=\"icon-box icon-box-2\">\r\n\t\t\t<div class=\"icon-main\">\r\n\t\t        <svg aria-hidden=\"true\" class=\"e-font-icon-svg e-fas-paper-plane\" viewBox=\"0 0 512 512\" xmlns=\"http:\/\/www.w3.org\/2000\/svg\"><path d=\"M476 3.2L12.5 270.6c-18.1 10.4-15.8 35.6 2.2 43.2L121 358.4l287.3-253.2c5.5-4.9 13.3 2.6 8.6 8.3L176 407v80.5c0 23.6 28.5 32.9 42.5 15.8L282 426l124.6 52.2c14.2 6 30.4-2.9 33-18.2l72-432C515 7.8 493.3-6.8 476 3.2z\"><\/path><\/svg>\t        <\/div>\r\n\t        <div class=\"content-box\">\r\n\t\t\t\t<h6 class=\"title-box\"><a href=\"mailto:info@uturn-now.com\">Senden Sie ein E-Mail<\/a><\/h6>\t\t\t\t<p><a href=\"mailto:info@uturn-now.com\" title=\"Stuur een e-mailbericht\">info@uturn-now.com<\/a><\/p>\t\t\t<\/div>\r\n\t    <\/div>\r\n\t    \t\t<\/div>\n\t\t\t\t<\/div>\n\t\t\t\t\t<\/div>\n\t\t<\/div>\n\t\t\t\t<div class=\"elementor-column elementor-col-66 elementor-top-column elementor-element elementor-element-89ca7e2 ot-flex-column-vertical\" data-id=\"89ca7e2\" data-element_type=\"column\">\n\t\t\t<div class=\"elementor-widget-wrap elementor-element-populated\">\n\t\t\t\t\t\t<div class=\"elementor-element elementor-element-4fb28a7 elementor-widget elementor-widget-image\" data-id=\"4fb28a7\" data-element_type=\"widget\" data-widget_type=\"image.default\">\n\t\t\t\t<div class=\"elementor-widget-container\">\n\t\t\t\t\t\t\t\t\t\t\t\t\t<img fetchpriority=\"high\" decoding=\"async\" width=\"1414\" height=\"2000\" src=\"https:\/\/uturn-now.com\/wp-content\/uploads\/2020\/09\/Kopie-van-Kopie-van-Naamloos-ontwerp-3.png\" class=\"attachment-2048x2048 size-2048x2048 wp-image-9130\" alt=\"\" srcset=\"https:\/\/uturn-now.com\/wp-content\/uploads\/2020\/09\/Kopie-van-Kopie-van-Naamloos-ontwerp-3.png 1414w, https:\/\/uturn-now.com\/wp-content\/uploads\/2020\/09\/Kopie-van-Kopie-van-Naamloos-ontwerp-3-212x300.png 212w, https:\/\/uturn-now.com\/wp-content\/uploads\/2020\/09\/Kopie-van-Kopie-van-Naamloos-ontwerp-3-724x1024.png 724w, https:\/\/uturn-now.com\/wp-content\/uploads\/2020\/09\/Kopie-van-Kopie-van-Naamloos-ontwerp-3-768x1086.png 768w, https:\/\/uturn-now.com\/wp-content\/uploads\/2020\/09\/Kopie-van-Kopie-van-Naamloos-ontwerp-3-1086x1536.png 1086w\" sizes=\"(max-width: 1414px) 100vw, 1414px\" \/>\t\t\t\t\t\t\t\t\t\t\t\t\t<\/div>\n\t\t\t\t<\/div>\n\t\t\t\t\t<\/div>\n\t\t<\/div>\n\t\t\t\t\t<\/div>\n\t\t<\/section>\n\t\t\t\t<section class=\"elementor-section elementor-top-section elementor-element elementor-element-a5be57a elementor-section-boxed elementor-section-height-default elementor-section-height-default\" data-id=\"a5be57a\" data-element_type=\"section\" data-settings=\"{&quot;_ha_eqh_enable&quot;:false}\">\n\t\t\t\t\t\t<div class=\"elementor-container elementor-column-gap-default\">\n\t\t\t\t\t<div class=\"elementor-column elementor-col-100 elementor-top-column elementor-element elementor-element-574fa46 ot-flex-column-vertical\" data-id=\"574fa46\" data-element_type=\"column\">\n\t\t\t<div class=\"elementor-widget-wrap elementor-element-populated\">\n\t\t\t\t<div class=\"elementor-element elementor-element-45a5493 e-flex e-con-boxed e-con e-parent\" data-id=\"45a5493\" data-element_type=\"container\" data-settings=\"{&quot;_ha_eqh_enable&quot;:false}\">\n\t\t\t\t\t<div class=\"e-con-inner\">\n\t\t\t\t<div class=\"elementor-element elementor-element-2e284bc elementor-widget elementor-widget-iheading\" data-id=\"2e284bc\" data-element_type=\"widget\" data-widget_type=\"iheading.default\">\n\t\t\t\t<div class=\"elementor-widget-container\">\n\t\t\t\t\t<div class=\"ot-heading\">\r\n\t        \t        <h2 class=\"main-head\">Eine nachricht schicken<span>.<span><\/h2>\t    <\/div>\r\n\t    \t\t<\/div>\n\t\t\t\t<\/div>\n\t\t\t\t<div class=\"elementor-element elementor-element-2bada54 elementor-widget elementor-widget-html\" data-id=\"2bada54\" data-element_type=\"widget\" data-widget_type=\"html.default\">\n\t\t\t\t<div class=\"elementor-widget-container\">\n\t\t\t<script charset=\"utf-8\" type=\"text\/javascript\" src=\"\/\/js.hsforms.net\/forms\/embed\/v2.js\"><\/script>\r\n<script>\r\n  hbspt.forms.create({\r\n    region: \"na1\",\r\n    portalId: \"4894764\",\r\n    formId: \"f188e282-dd09-43f4-9f75-52c6aea906cc\"\r\n  });\r\n<\/script>\t\t<\/div>\n\t\t\t\t<\/div>\n\t\t\t\t<div class=\"elementor-element elementor-element-00efeef elementor-widget elementor-widget-spacer\" data-id=\"00efeef\" data-element_type=\"widget\" data-widget_type=\"spacer.default\">\n\t\t\t\t<div class=\"elementor-widget-container\">\n\t\t\t\t\t<div class=\"elementor-spacer\">\n\t\t\t<div class=\"elementor-spacer-inner\"><\/div>\n\t\t<\/div>\n\t\t\t\t<\/div>\n\t\t\t\t<\/div>\n\t\t\t\t\t<\/div>\n\t\t\t\t<\/div>\n\t\t\t\t\t<\/div>\n\t\t<\/div>\n\t\t\t\t\t<\/div>\n\t\t<\/section>\n\t\t\t\t<section class=\"elementor-section elementor-top-section elementor-element elementor-element-de4c36a elementor-section-full_width elementor-section-height-default elementor-section-height-default\" data-id=\"de4c36a\" data-element_type=\"section\" data-settings=\"{&quot;_ha_eqh_enable&quot;:false}\">\n\t\t\t\t\t\t<div class=\"elementor-container elementor-column-gap-default\">\n\t\t\t\t\t<div class=\"elementor-column elementor-col-100 elementor-top-column elementor-element elementor-element-f31c287 ot-flex-column-vertical\" data-id=\"f31c287\" data-element_type=\"column\">\n\t\t\t<div class=\"elementor-widget-wrap elementor-element-populated\">\n\t\t\t\t\t\t<div class=\"elementor-element elementor-element-3e66202 elementor-widget elementor-widget-google_maps\" data-id=\"3e66202\" data-element_type=\"widget\" data-widget_type=\"google_maps.default\">\n\t\t\t\t<div class=\"elementor-widget-container\">\n\t\t\t\t\t<div class=\"elementor-custom-embed\">\n\t\t\t<iframe loading=\"lazy\"\n\t\t\t\t\tsrc=\"https:\/\/maps.google.com\/maps?q=Marconistraat%2016%2C%203029AK%20Rotterdam%2C%20The%20Netherlands&#038;t=m&#038;z=13&#038;output=embed&#038;iwloc=near\"\n\t\t\t\t\ttitle=\"Marconistraat 16, 3029AK Rotterdam, The Netherlands\"\n\t\t\t\t\taria-label=\"Marconistraat 16, 3029AK Rotterdam, The Netherlands\"\n\t\t\t><\/iframe>\n\t\t<\/div>\n\t\t\t\t<\/div>\n\t\t\t\t<\/div>\n\t\t\t\t\t<\/div>\n\t\t<\/div>\n\t\t\t\t\t<\/div>\n\t\t<\/section>\n\t\t\t\t<\/div>\n\t\t","protected":false},"excerpt":{"rendered":"<p>Kontaktdetails Interessiert an unseren Dienst- leistungen? Ben\u00f6tigen Sie Kapazit\u00e4ten, sind Sie neugierig auf unsere Preise oder ben\u00f6tigen Sie weitere Informationen? Kontaktieren Sie uns f\u00fcr einen Termin oder f\u00fcllen Sie das untenstehende Formular aus! Wir freuen uns darauf! Besuchsadresse Marconistraat 16 3029 AK Rotterdam Rufen Sie uns an +31 10 310 6300 Senden Sie ein E-Mail [&hellip;]<\/p>\n","protected":false},"author":25,"featured_media":0,"parent":0,"menu_order":0,"comment_status":"closed","ping_status":"closed","template":"","meta":{"content-type":"","footnotes":""},"class_list":["post-8800","page","type-page","status-publish","hentry"],"yoast_head":"<!-- This site is optimized with the Yoast SEO plugin v23.5 - https:\/\/yoast.com\/wordpress\/plugins\/seo\/ -->\n<title>Kontakt - UTURN<\/title>\n<meta name=\"robots\" content=\"index, follow, max-snippet:-1, max-image-preview:large, max-video-preview:-1\" \/>\n<link rel=\"canonical\" href=\"https:\/\/uturn-now.com\/de\/kontakt\/\" \/>\n<meta property=\"og:locale\" content=\"de_DE\" \/>\n<meta property=\"og:type\" content=\"article\" \/>\n<meta property=\"og:title\" content=\"Kontakt - UTURN\" \/>\n<meta property=\"og:description\" content=\"Kontaktdetails Interessiert an unseren Dienst- leistungen? Ben\u00f6tigen Sie Kapazit\u00e4ten, sind Sie neugierig auf unsere Preise oder ben\u00f6tigen Sie weitere Informationen? Kontaktieren Sie uns f\u00fcr einen Termin oder f\u00fcllen Sie das untenstehende Formular aus! Wir freuen uns darauf! Besuchsadresse Marconistraat 16 3029 AK Rotterdam Rufen Sie uns an +31 10 310 6300 Senden Sie ein E-Mail [&hellip;]\" \/>\n<meta property=\"og:url\" content=\"https:\/\/uturn-now.com\/de\/kontakt\/\" \/>\n<meta property=\"og:site_name\" content=\"UTURN\" \/>\n<meta property=\"article:publisher\" content=\"https:\/\/www.facebook.com\/UTURNbv\/\" \/>\n<meta property=\"article:modified_time\" content=\"2023-11-07T15:28:11+00:00\" \/>\n<meta property=\"og:image\" content=\"https:\/\/uturn-now.com\/wp-content\/uploads\/2020\/09\/Kopie-van-Kopie-van-Naamloos-ontwerp-3.png\" \/>\n<meta name=\"twitter:card\" content=\"summary_large_image\" \/>\n<meta name=\"twitter:label1\" content=\"Gesch\u00e4tzte Lesezeit\" \/>\n\t<meta name=\"twitter:data1\" content=\"1\u00a0Minute\" \/>\n<script type=\"application\/ld+json\" class=\"yoast-schema-graph\">{\"@context\":\"https:\/\/schema.org\",\"@graph\":[{\"@type\":\"WebPage\",\"@id\":\"https:\/\/uturn-now.com\/de\/kontakt\/\",\"url\":\"https:\/\/uturn-now.com\/de\/kontakt\/\",\"name\":\"Kontakt - UTURN\",\"isPartOf\":{\"@id\":\"https:\/\/uturn-now.com\/de\/#website\"},\"primaryImageOfPage\":{\"@id\":\"https:\/\/uturn-now.com\/de\/kontakt\/#primaryimage\"},\"image\":{\"@id\":\"https:\/\/uturn-now.com\/de\/kontakt\/#primaryimage\"},\"thumbnailUrl\":\"https:\/\/uturn-now.com\/wp-content\/uploads\/2020\/09\/Kopie-van-Kopie-van-Naamloos-ontwerp-3.png\",\"datePublished\":\"2020-09-04T09:27:58+00:00\",\"dateModified\":\"2023-11-07T15:28:11+00:00\",\"breadcrumb\":{\"@id\":\"https:\/\/uturn-now.com\/de\/kontakt\/#breadcrumb\"},\"inLanguage\":\"de\",\"potentialAction\":[{\"@type\":\"ReadAction\",\"target\":[\"https:\/\/uturn-now.com\/de\/kontakt\/\"]}]},{\"@type\":\"ImageObject\",\"inLanguage\":\"de\",\"@id\":\"https:\/\/uturn-now.com\/de\/kontakt\/#primaryimage\",\"url\":\"https:\/\/uturn-now.com\/wp-content\/uploads\/2020\/09\/Kopie-van-Kopie-van-Naamloos-ontwerp-3.png\",\"contentUrl\":\"https:\/\/uturn-now.com\/wp-content\/uploads\/2020\/09\/Kopie-van-Kopie-van-Naamloos-ontwerp-3.png\"},{\"@type\":\"BreadcrumbList\",\"@id\":\"https:\/\/uturn-now.com\/de\/kontakt\/#breadcrumb\",\"itemListElement\":[{\"@type\":\"ListItem\",\"position\":1,\"name\":\"Home\",\"item\":\"https:\/\/uturn-now.com\/de\/\"},{\"@type\":\"ListItem\",\"position\":2,\"name\":\"Kontakt\"}]},{\"@type\":\"WebSite\",\"@id\":\"https:\/\/uturn-now.com\/de\/#website\",\"url\":\"https:\/\/uturn-now.com\/de\/\",\"name\":\"UTURN\",\"description\":\"Matchmaker in container transport\",\"publisher\":{\"@id\":\"https:\/\/uturn-now.com\/de\/#organization\"},\"potentialAction\":[{\"@type\":\"SearchAction\",\"target\":{\"@type\":\"EntryPoint\",\"urlTemplate\":\"https:\/\/uturn-now.com\/de\/?s={search_term_string}\"},\"query-input\":{\"@type\":\"PropertyValueSpecification\",\"valueRequired\":true,\"valueName\":\"search_term_string\"}}],\"inLanguage\":\"de\"},{\"@type\":\"Organization\",\"@id\":\"https:\/\/uturn-now.com\/de\/#organization\",\"name\":\"UTURN\",\"alternateName\":\"UTURN - Container Platform\",\"url\":\"https:\/\/uturn-now.com\/de\/\",\"logo\":{\"@type\":\"ImageObject\",\"inLanguage\":\"de\",\"@id\":\"https:\/\/uturn-now.com\/de\/#\/schema\/logo\/image\/\",\"url\":\"https:\/\/uturn-now.com\/wp-content\/uploads\/2025\/02\/Logo-UTURN.jpg\",\"contentUrl\":\"https:\/\/uturn-now.com\/wp-content\/uploads\/2025\/02\/Logo-UTURN.jpg\",\"width\":791,\"height\":792,\"caption\":\"UTURN\"},\"image\":{\"@id\":\"https:\/\/uturn-now.com\/de\/#\/schema\/logo\/image\/\"},\"sameAs\":[\"https:\/\/www.facebook.com\/UTURNbv\/\",\"https:\/\/www.linkedin.com\/company\/17994967\/\"]}]}<\/script>\n<!-- \/ Yoast SEO plugin. -->","yoast_head_json":{"title":"Kontakt - UTURN","robots":{"index":"index","follow":"follow","max-snippet":"max-snippet:-1","max-image-preview":"max-image-preview:large","max-video-preview":"max-video-preview:-1"},"canonical":"https:\/\/uturn-now.com\/de\/kontakt\/","og_locale":"de_DE","og_type":"article","og_title":"Kontakt - UTURN","og_description":"Kontaktdetails Interessiert an unseren Dienst- leistungen? Ben\u00f6tigen Sie Kapazit\u00e4ten, sind Sie neugierig auf unsere Preise oder ben\u00f6tigen Sie weitere Informationen? Kontaktieren Sie uns f\u00fcr einen Termin oder f\u00fcllen Sie das untenstehende Formular aus! Wir freuen uns darauf! Besuchsadresse Marconistraat 16 3029 AK Rotterdam Rufen Sie uns an +31 10 310 6300 Senden Sie ein E-Mail [&hellip;]","og_url":"https:\/\/uturn-now.com\/de\/kontakt\/","og_site_name":"UTURN","article_publisher":"https:\/\/www.facebook.com\/UTURNbv\/","article_modified_time":"2023-11-07T15:28:11+00:00","og_image":[{"url":"https:\/\/uturn-now.com\/wp-content\/uploads\/2020\/09\/Kopie-van-Kopie-van-Naamloos-ontwerp-3.png"}],"twitter_card":"summary_large_image","twitter_misc":{"Gesch\u00e4tzte Lesezeit":"1\u00a0Minute"},"schema":{"@context":"https:\/\/schema.org","@graph":[{"@type":"WebPage","@id":"https:\/\/uturn-now.com\/de\/kontakt\/","url":"https:\/\/uturn-now.com\/de\/kontakt\/","name":"Kontakt - UTURN","isPartOf":{"@id":"https:\/\/uturn-now.com\/de\/#website"},"primaryImageOfPage":{"@id":"https:\/\/uturn-now.com\/de\/kontakt\/#primaryimage"},"image":{"@id":"https:\/\/uturn-now.com\/de\/kontakt\/#primaryimage"},"thumbnailUrl":"https:\/\/uturn-now.com\/wp-content\/uploads\/2020\/09\/Kopie-van-Kopie-van-Naamloos-ontwerp-3.png","datePublished":"2020-09-04T09:27:58+00:00","dateModified":"2023-11-07T15:28:11+00:00","breadcrumb":{"@id":"https:\/\/uturn-now.com\/de\/kontakt\/#breadcrumb"},"inLanguage":"de","potentialAction":[{"@type":"ReadAction","target":["https:\/\/uturn-now.com\/de\/kontakt\/"]}]},{"@type":"ImageObject","inLanguage":"de","@id":"https:\/\/uturn-now.com\/de\/kontakt\/#primaryimage","url":"https:\/\/uturn-now.com\/wp-content\/uploads\/2020\/09\/Kopie-van-Kopie-van-Naamloos-ontwerp-3.png","contentUrl":"https:\/\/uturn-now.com\/wp-content\/uploads\/2020\/09\/Kopie-van-Kopie-van-Naamloos-ontwerp-3.png"},{"@type":"BreadcrumbList","@id":"https:\/\/uturn-now.com\/de\/kontakt\/#breadcrumb","itemListElement":[{"@type":"ListItem","position":1,"name":"Home","item":"https:\/\/uturn-now.com\/de\/"},{"@type":"ListItem","position":2,"name":"Kontakt"}]},{"@type":"WebSite","@id":"https:\/\/uturn-now.com\/de\/#website","url":"https:\/\/uturn-now.com\/de\/","name":"UTURN","description":"Matchmaker in container transport","publisher":{"@id":"https:\/\/uturn-now.com\/de\/#organization"},"potentialAction":[{"@type":"SearchAction","target":{"@type":"EntryPoint","urlTemplate":"https:\/\/uturn-now.com\/de\/?s={search_term_string}"},"query-input":{"@type":"PropertyValueSpecification","valueRequired":true,"valueName":"search_term_string"}}],"inLanguage":"de"},{"@type":"Organization","@id":"https:\/\/uturn-now.com\/de\/#organization","name":"UTURN","alternateName":"UTURN - Container Platform","url":"https:\/\/uturn-now.com\/de\/","logo":{"@type":"ImageObject","inLanguage":"de","@id":"https:\/\/uturn-now.com\/de\/#\/schema\/logo\/image\/","url":"https:\/\/uturn-now.com\/wp-content\/uploads\/2025\/02\/Logo-UTURN.jpg","contentUrl":"https:\/\/uturn-now.com\/wp-content\/uploads\/2025\/02\/Logo-UTURN.jpg","width":791,"height":792,"caption":"UTURN"},"image":{"@id":"https:\/\/uturn-now.com\/de\/#\/schema\/logo\/image\/"},"sameAs":["https:\/\/www.facebook.com\/UTURNbv\/","https:\/\/www.linkedin.com\/company\/17994967\/"]}]}},"_links":{"self":[{"href":"https:\/\/uturn-now.com\/de\/wp-json\/wp\/v2\/pages\/8800"}],"collection":[{"href":"https:\/\/uturn-now.com\/de\/wp-json\/wp\/v2\/pages"}],"about":[{"href":"https:\/\/uturn-now.com\/de\/wp-json\/wp\/v2\/types\/page"}],"author":[{"embeddable":true,"href":"https:\/\/uturn-now.com\/de\/wp-json\/wp\/v2\/users\/25"}],"replies":[{"embeddable":true,"href":"https:\/\/uturn-now.com\/de\/wp-json\/wp\/v2\/comments?post=8800"}],"version-history":[{"count":40,"href":"https:\/\/uturn-now.com\/de\/wp-json\/wp\/v2\/pages\/8800\/revisions"}],"predecessor-version":[{"id":27964,"href":"https:\/\/uturn-now.com\/de\/wp-json\/wp\/v2\/pages\/8800\/revisions\/27964"}],"wp:attachment":[{"href":"https:\/\/uturn-now.com\/de\/wp-json\/wp\/v2\/media?parent=8800"}],"curies":[{"name":"wp","href":"https:\/\/api.w.org\/{rel}","templated":true}]}}