{"id":31619,"date":"2024-06-21T08:57:44","date_gmt":"2024-06-21T08:57:44","guid":{"rendered":"https:\/\/uturn-now.com\/driver-management\/"},"modified":"2024-07-17T14:49:02","modified_gmt":"2024-07-17T14:49:02","slug":"driver-management","status":"publish","type":"page","link":"https:\/\/uturn-now.com\/de\/driver-management\/","title":{"rendered":"Driver management"},"content":{"rendered":"\t\t<div data-elementor-type=\"wp-page\" data-elementor-id=\"31619\" class=\"elementor elementor-31619 elementor-30101\" data-elementor-post-type=\"page\">\n\t\t\t\t<div class=\"elementor-element elementor-element-30536495 e-flex e-con-boxed e-con e-parent\" data-id=\"30536495\" data-element_type=\"container\" data-settings=\"{&quot;background_background&quot;:&quot;classic&quot;,&quot;_ha_eqh_enable&quot;:false}\">\n\t\t\t\t\t<div class=\"e-con-inner\">\n\t\t\t\t<div class=\"elementor-element elementor-element-2ce5adae elementor-widget elementor-widget-heading\" data-id=\"2ce5adae\" data-element_type=\"widget\" data-widget_type=\"heading.default\">\n\t\t\t\t<div class=\"elementor-widget-container\">\n\t\t\t<h1 class=\"elementor-heading-title elementor-size-default\">Driver management<\/h1>\t\t<\/div>\n\t\t\t\t<\/div>\n\t\t\t\t<div class=\"elementor-element elementor-element-5698e25a elementor-widget__width-initial elementor-widget-mobile__width-initial elementor-widget elementor-widget-text-editor\" data-id=\"5698e25a\" data-element_type=\"widget\" data-widget_type=\"text-editor.default\">\n\t\t\t\t<div class=\"elementor-widget-container\">\n\t\t\t\t\t\t\t<p>Behalten Sie den \u00dcberblick \u00fcber die Gesamtplanung, weisen Sie Ihren Fahrern Transporte zu und behalten Sie deren Status auf der Stra\u00dfe im Auge.<\/p>\t\t\t\t\t\t<\/div>\n\t\t\t\t<\/div>\n\t\t\t\t\t<\/div>\n\t\t\t\t<\/div>\n\t\t<div class=\"elementor-element elementor-element-4e442a7 e-flex e-con-boxed e-con e-parent\" data-id=\"4e442a7\" data-element_type=\"container\" data-settings=\"{&quot;_ha_eqh_enable&quot;:false}\">\n\t\t\t\t\t<div class=\"e-con-inner\">\n\t\t<div class=\"elementor-element elementor-element-7906862 e-flex e-con-boxed e-con e-child\" data-id=\"7906862\" data-element_type=\"container\" data-settings=\"{&quot;_ha_eqh_enable&quot;:false}\">\n\t\t\t\t\t<div class=\"e-con-inner\">\n\t\t\t\t<div class=\"elementor-element elementor-element-4c6ed42 heading elementor-widget elementor-widget-iheading\" data-id=\"4c6ed42\" data-element_type=\"widget\" data-widget_type=\"iheading.default\">\n\t\t\t\t<div class=\"elementor-widget-container\">\n\t\t\t\t\t<div class=\"ot-heading\">\r\n\t        <span class=\"\">Vorteile<\/span>\t        <h2 class=\"main-head\">Erreiche mehr mit UTURN<\/h2>\t    <\/div>\r\n\t    \t\t<\/div>\n\t\t\t\t<\/div>\n\t\t\t\t<div class=\"elementor-element elementor-element-bd0b9f1 elementor-widget elementor-widget-text-editor\" data-id=\"bd0b9f1\" data-element_type=\"widget\" data-widget_type=\"text-editor.default\">\n\t\t\t\t<div class=\"elementor-widget-container\">\n\t\t\t\t\t\t\t<ul><li>Flexibilit\u00e4t und Kontrolle<\/li><li>Optimieren Sie Ihre Planung<\/li><li>Effizienz durch Erfahrung und F\u00e4higkeiten<\/li><li>Fahrer k\u00f6nnen einfach die Mobile App nutzen<\/li><\/ul>\t\t\t\t\t\t<\/div>\n\t\t\t\t<\/div>\n\t\t\t\t\t<\/div>\n\t\t\t\t<\/div>\n\t\t\t\t\t<\/div>\n\t\t\t\t<\/div>\n\t\t<div class=\"elementor-element elementor-element-0551e27 e-flex e-con-boxed e-con e-parent\" data-id=\"0551e27\" data-element_type=\"container\" data-settings=\"{&quot;_ha_eqh_enable&quot;:false}\">\n\t\t\t\t\t<div class=\"e-con-inner\">\n\t\t\t\t\t<\/div>\n\t\t\t\t<\/div>\n\t\t<div class=\"elementor-element elementor-element-21587c85 e-flex e-con-boxed e-con e-parent\" data-id=\"21587c85\" data-element_type=\"container\" data-settings=\"{&quot;background_background&quot;:&quot;classic&quot;,&quot;_ha_eqh_enable&quot;:false}\">\n\t\t\t\t\t<div class=\"e-con-inner\">\n\t\t\t\t<div class=\"elementor-element elementor-element-5bddd12c elementor-widget elementor-widget-heading\" data-id=\"5bddd12c\" data-element_type=\"widget\" data-widget_type=\"heading.default\">\n\t\t\t\t<div class=\"elementor-widget-container\">\n\t\t\t<h2 class=\"elementor-heading-title elementor-size-default\">Schlie\u00dfen Sie sich \u00fcber 1000 UTURN-Kunden an<\/h2>\t\t<\/div>\n\t\t\t\t<\/div>\n\t\t\t\t<div class=\"elementor-element elementor-element-58f0b9f5 elementor-widget elementor-widget-iclogos\" data-id=\"58f0b9f5\" data-element_type=\"widget\" data-widget_type=\"iclogos.default\">\n\t\t\t\t<div class=\"elementor-widget-container\">\n\t\t\t\t\t\r\n\t\t<div class=\"logos-carousel\" data-loop=\"true\" data-auto=\"true\" data-time=\"2000\" data-arrows=\"true\" data-dots=\"false\" data-show=\"4\" data-tshow=\"2\" data-mshow=\"2\" data-gaps=\"28\" data-tgaps=\"28\" data-mgaps=\"28\">\r\n\t\t\t<div class=\"owl-carousel owl-theme\">\r\n\t\t        <a href=\"\/cases\/\"><figure><img decoding=\"async\" src=\"https:\/\/uturn-now.com\/wp-content\/uploads\/2023\/07\/Yang_Ming.jpg\" alt=\"Yang Ming\"><\/figure><\/a><a href=\"https:\/\/uturn-now.com\/cases\/\"><figure><img decoding=\"async\" src=\"https:\/\/uturn-now.com\/wp-content\/uploads\/2021\/09\/flexport.jpg\" alt=\"flexport\"><\/figure><\/a><a href=\"\/cases\/\"><figure><img decoding=\"async\" src=\"https:\/\/uturn-now.com\/wp-content\/uploads\/2021\/09\/one.jpg\" alt=\"ONE\"><\/figure><\/a><a href=\"\/cases\/\"><figure><img decoding=\"async\" src=\"https:\/\/uturn-now.com\/wp-content\/uploads\/2021\/09\/hapaglloyd.jpg\" alt=\"Hapag-Lloyd\"><\/figure><\/a><a href=\"\/cases\/\"><figure><img decoding=\"async\" src=\"https:\/\/uturn-now.com\/wp-content\/uploads\/2023\/08\/broekman-1.png\" alt=\"Broekman\"><\/figure><\/a><a href=\"\/cases\/\"><figure><img decoding=\"async\" src=\"https:\/\/uturn-now.com\/wp-content\/uploads\/2021\/09\/cmacgm.jpg\" alt=\"CMA CGM\"><\/figure><\/a><a href=\"\/cases\/\"><figure><img decoding=\"async\" src=\"https:\/\/uturn-now.com\/wp-content\/uploads\/2021\/09\/samskip.jpg\" alt=\"SAMSKIP\"><\/figure><\/a><a href=\"\/cases\/\"><figure><img decoding=\"async\" src=\"https:\/\/uturn-now.com\/wp-content\/uploads\/2021\/09\/cosco.jpg\" alt=\"COSCO\"><\/figure><\/a><a href=\"\/cases\/\"><figure><img decoding=\"async\" src=\"https:\/\/uturn-now.com\/wp-content\/uploads\/2021\/09\/kloosterboer.jpg\" alt=\"Kloosterbroer\"><\/figure><\/a><a href=\"\/cases\/\"><figure><img decoding=\"async\" src=\"https:\/\/uturn-now.com\/wp-content\/uploads\/2023\/08\/Kuehne.png\" alt=\"Kuehne Nagel\"><\/figure><\/a><a href=\"\/cases\/\"><figure><img decoding=\"async\" src=\"https:\/\/uturn-now.com\/wp-content\/uploads\/2021\/09\/hupac.jpg\" alt=\"HUPAC\"><\/figure><\/a>\t\t    <\/div>\r\n\t    <\/div>\r\n\t\t\t\t<\/div>\n\t\t\t\t<\/div>\n\t\t\t\t<div class=\"elementor-element elementor-element-cf84f4f elementor-align-center elementor-widget elementor-widget-ibutton\" data-id=\"cf84f4f\" data-element_type=\"widget\" data-widget_type=\"ibutton.default\">\n\t\t\t\t<div class=\"elementor-widget-container\">\n\t\t\t\t\t<div class=\"ot-button\">\r\n\t\t\t<a href=\"https:\/\/portal.uturn-system.com\/register\" class=\"octf-btn octf-btn-main\">Jetzt anmelden<\/a>\r\n\t    <\/div>\r\n\t    \t\t<\/div>\n\t\t\t\t<\/div>\n\t\t\t\t\t<\/div>\n\t\t\t\t<\/div>\n\t\t<div class=\"elementor-element elementor-element-20e98af e-flex e-con-boxed e-con e-parent\" data-id=\"20e98af\" data-element_type=\"container\" data-settings=\"{&quot;_ha_eqh_enable&quot;:false}\">\n\t\t\t\t\t<div class=\"e-con-inner\">\n\t\t\t\t<div class=\"elementor-element elementor-element-45a3bd8 heading elementor-widget elementor-widget-iheading\" data-id=\"45a3bd8\" data-element_type=\"widget\" data-widget_type=\"iheading.default\">\n\t\t\t\t<div class=\"elementor-widget-container\">\n\t\t\t\t\t<div class=\"ot-heading\">\r\n\t        <span class=\"\">Los geht's<\/span>\t        <h2 class=\"main-head\">So funktioniert es<\/h2>\t    <\/div>\r\n\t    \t\t<\/div>\n\t\t\t\t<\/div>\n\t\t<div class=\"elementor-element elementor-element-1518350 e-flex e-con-boxed e-con e-child\" data-id=\"1518350\" data-element_type=\"container\" data-settings=\"{&quot;_ha_eqh_enable&quot;:false}\">\n\t\t\t\t\t<div class=\"e-con-inner\">\n\t\t<div class=\"elementor-element elementor-element-afea8b4 e-flex e-con-boxed e-con e-child\" data-id=\"afea8b4\" data-element_type=\"container\" data-settings=\"{&quot;_ha_eqh_enable&quot;:false}\">\n\t\t\t\t\t<div class=\"e-con-inner\">\n\t\t\t\t<div class=\"elementor-element elementor-element-4df9bb4 elementor-widget elementor-widget-text-editor\" data-id=\"4df9bb4\" data-element_type=\"widget\" data-widget_type=\"text-editor.default\">\n\t\t\t\t<div class=\"elementor-widget-container\">\n\t\t\t\t\t\t\t<ol><li>Laden Sie Ihre Fahrer als &#8220;Carrier Driver&#8221;-Rolle ein<\/li><li>Transporte abgleichen<\/li><li>Gehen Sie zu &#8216;Manage Orders&#8217;.<\/li><li>Bevor Sie den Auftrag starten, klicken Sie auf &#8220;Change Driver&#8221;.<\/li><li>Weisen Sie den von Ihnen bevorzugten Fahrer zu<\/li><li>Der Fahrer kann nun den Auftrag in der Mobile App starten<\/li><li>Die App verwendet Geofencing, so dass Sie als Planer die Gate-Ins und -Outs im Auge behalten k\u00f6nnen<\/li><li>Sie k\u00f6nnen die Auftr\u00e4ge auch nach Benutzer filtern, um eine detailliertere Ansicht zu erhalten.<\/li><\/ol>\t\t\t\t\t\t<\/div>\n\t\t\t\t<\/div>\n\t\t<div class=\"elementor-element elementor-element-abd4cc4 e-grid e-con-boxed e-con e-child\" data-id=\"abd4cc4\" data-element_type=\"container\" data-settings=\"{&quot;_ha_eqh_enable&quot;:false}\">\n\t\t\t\t\t<div class=\"e-con-inner\">\n\t\t\t\t<div class=\"elementor-element elementor-element-c27933c elementor-widget elementor-widget-image\" data-id=\"c27933c\" data-element_type=\"widget\" data-widget_type=\"image.default\">\n\t\t\t\t<div class=\"elementor-widget-container\">\n\t\t\t\t\t\t\t\t\t\t\t\t\t<img fetchpriority=\"high\" decoding=\"async\" width=\"992\" height=\"478\" src=\"https:\/\/uturn-now.com\/wp-content\/uploads\/2024\/06\/assign-driver-UTURN.png\" class=\"attachment-large size-large wp-image-31153\" alt=\"\" srcset=\"https:\/\/uturn-now.com\/wp-content\/uploads\/2024\/06\/assign-driver-UTURN.png 992w, https:\/\/uturn-now.com\/wp-content\/uploads\/2024\/06\/assign-driver-UTURN-300x145.png 300w, https:\/\/uturn-now.com\/wp-content\/uploads\/2024\/06\/assign-driver-UTURN-768x370.png 768w\" sizes=\"(max-width: 992px) 100vw, 992px\" \/>\t\t\t\t\t\t\t\t\t\t\t\t\t<\/div>\n\t\t\t\t<\/div>\n\t\t\t\t\t<\/div>\n\t\t\t\t<\/div>\n\t\t\t\t\t<\/div>\n\t\t\t\t<\/div>\n\t\t\t\t\t<\/div>\n\t\t\t\t<\/div>\n\t\t\t\t\t<\/div>\n\t\t\t\t<\/div>\n\t\t<div class=\"elementor-element elementor-element-9ed1acf e-flex e-con-boxed e-con e-parent\" data-id=\"9ed1acf\" data-element_type=\"container\" data-settings=\"{&quot;_ha_eqh_enable&quot;:false}\">\n\t\t\t\t\t<div class=\"e-con-inner\">\n\t\t\t\t<div class=\"elementor-element elementor-element-a40e9e0 elementor-widget elementor-widget-spacer\" data-id=\"a40e9e0\" data-element_type=\"widget\" data-widget_type=\"spacer.default\">\n\t\t\t\t<div class=\"elementor-widget-container\">\n\t\t\t\t\t<div class=\"elementor-spacer\">\n\t\t\t<div class=\"elementor-spacer-inner\"><\/div>\n\t\t<\/div>\n\t\t\t\t<\/div>\n\t\t\t\t<\/div>\n\t\t\t\t<div class=\"elementor-element elementor-element-08a25d8 elementor-mobile-align-center elementor-widget-mobile__width-inherit elementor-widget elementor-widget-ibutton\" data-id=\"08a25d8\" data-element_type=\"widget\" data-widget_type=\"ibutton.default\">\n\t\t\t\t<div class=\"elementor-widget-container\">\n\t\t\t\t\t<div class=\"ot-button\">\r\n\t\t\t<a href=\"https:\/\/portal.uturn-system.com\/login\" class=\"octf-btn octf-btn-main\">Transport ver\u00f6ffentlichen<\/a>\r\n\t    <\/div>\r\n\t    \t\t<\/div>\n\t\t\t\t<\/div>\n\t\t\t\t\t<\/div>\n\t\t\t\t<\/div>\n\t\t<div class=\"elementor-element elementor-element-622075f0 e-flex e-con-boxed e-con e-parent\" data-id=\"622075f0\" data-element_type=\"container\" data-settings=\"{&quot;_ha_eqh_enable&quot;:false}\">\n\t\t\t\t\t<div class=\"e-con-inner\">\n\t\t\t\t<div class=\"elementor-element elementor-element-1148ee6b elementor-widget elementor-widget-iheading\" data-id=\"1148ee6b\" data-element_type=\"widget\" id=\"faq\" data-widget_type=\"iheading.default\">\n\t\t\t\t<div class=\"elementor-widget-container\">\n\t\t\t\t\t<div class=\"ot-heading\">\r\n\t        <span class=\"\"><span class=\"subtitle-colored\">H\u00e4ufig gestellte Fragen<\/span><\/span>\t        <h2 class=\"main-head\">Stellen Sie uns alle Ihre Fragen<\/h2>\t    <\/div>\r\n\t    \t\t<\/div>\n\t\t\t\t<\/div>\n\t\t\t\t\t<\/div>\n\t\t\t\t<\/div>\n\t\t<div class=\"elementor-element elementor-element-982fc66 e-flex e-con-boxed e-con e-parent\" data-id=\"982fc66\" data-element_type=\"container\" data-settings=\"{&quot;_ha_eqh_enable&quot;:false}\">\n\t\t\t\t\t<div class=\"e-con-inner\">\n\t\t<div class=\"elementor-element elementor-element-110faf8 e-con-full elementor-hidden-mobile elementor-hidden-tablet e-flex e-con e-child\" data-id=\"110faf8\" data-element_type=\"container\" data-settings=\"{&quot;_ha_eqh_enable&quot;:false}\">\n\t\t\t\t<\/div>\n\t\t<div class=\"elementor-element elementor-element-f5e95af e-con-full e-flex e-con e-child\" data-id=\"f5e95af\" data-element_type=\"container\" data-settings=\"{&quot;_ha_eqh_enable&quot;:false}\">\n\t\t\t\t<div class=\"elementor-element elementor-element-fb36aa4 elementor-widget elementor-widget-n-accordion\" data-id=\"fb36aa4\" data-element_type=\"widget\" data-settings=\"{&quot;n_accordion_animation_duration&quot;:{&quot;unit&quot;:&quot;ms&quot;,&quot;size&quot;:200,&quot;sizes&quot;:[]},&quot;default_state&quot;:&quot;expanded&quot;,&quot;max_items_expended&quot;:&quot;one&quot;}\" data-widget_type=\"nested-accordion.default\">\n\t\t\t\t<div class=\"elementor-widget-container\">\n\t\t\t\t\t<div class=\"e-n-accordion\" aria-label=\"Accordion. Open links with Enter or Space, close with Escape, and navigate with Arrow Keys\">\n\t\t\t\t\t\t<details id=\"e-n-accordion-item-2630\" class=\"e-n-accordion-item\" open>\n\t\t\t\t<summary class=\"e-n-accordion-item-title\" data-accordion-index=\"1\" tabindex=\"0\" aria-expanded=\"true\" aria-controls=\"e-n-accordion-item-2630\" >\n\t\t\t\t\t<span class='e-n-accordion-item-title-header'><div class=\"e-n-accordion-item-title-text\"> Andere Fragen <\/div><\/span>\n\t\t\t\t\t\t\t<span class='e-n-accordion-item-title-icon'>\n\t\t\t<span class='e-opened' ><svg aria-hidden=\"true\" class=\"e-font-icon-svg e-fas-minus\" viewBox=\"0 0 448 512\" xmlns=\"http:\/\/www.w3.org\/2000\/svg\"><path d=\"M416 208H32c-17.67 0-32 14.33-32 32v32c0 17.67 14.33 32 32 32h384c17.67 0 32-14.33 32-32v-32c0-17.67-14.33-32-32-32z\"><\/path><\/svg><\/span>\n\t\t\t<span class='e-closed'><svg aria-hidden=\"true\" class=\"e-font-icon-svg e-fas-plus\" viewBox=\"0 0 448 512\" xmlns=\"http:\/\/www.w3.org\/2000\/svg\"><path d=\"M416 208H272V64c0-17.67-14.33-32-32-32h-32c-17.67 0-32 14.33-32 32v144H32c-17.67 0-32 14.33-32 32v32c0 17.67 14.33 32 32 32h144v144c0 17.67 14.33 32 32 32h32c17.67 0 32-14.33 32-32V304h144c17.67 0 32-14.33 32-32v-32c0-17.67-14.33-32-32-32z\"><\/path><\/svg><\/span>\n\t\t<\/span>\n\n\t\t\t\t\t\t<\/summary>\n\t\t\t\t<div role=\"region\" aria-labelledby=\"e-n-accordion-item-2630\" class=\"elementor-element elementor-element-84c59ee e-flex e-con-boxed e-con e-child\" data-id=\"84c59ee\" data-element_type=\"container\" data-settings=\"{&quot;_ha_eqh_enable&quot;:false}\">\n\t\t\t\t\t<div class=\"e-con-inner\">\n\t\t\t\t<div class=\"elementor-element elementor-element-3027edf elementor-widget elementor-widget-text-editor\" data-id=\"3027edf\" data-element_type=\"widget\" data-widget_type=\"text-editor.default\">\n\t\t\t\t<div class=\"elementor-widget-container\">\n\t\t\t\t\t\t\t<p>Kontaktieren Sie uns: +31 10 310 6300 oder besuchen Sie den <a href=\"https:\/\/uturn-now.com\/de\/helpdesk\/\">Helpdesk<\/a>.<\/p>\t\t\t\t\t\t<\/div>\n\t\t\t\t<\/div>\n\t\t\t\t\t<\/div>\n\t\t\t\t<\/div>\n\t\t\t\t\t<\/details>\n\t\t\t\t\t<\/div>\n\t\t\t\t<\/div>\n\t\t\t\t<\/div>\n\t\t\t\t<\/div>\n\t\t<div class=\"elementor-element elementor-element-591f657 e-con-full elementor-hidden-mobile elementor-hidden-tablet e-flex e-con e-child\" data-id=\"591f657\" data-element_type=\"container\" data-settings=\"{&quot;_ha_eqh_enable&quot;:false}\">\n\t\t\t\t<\/div>\n\t\t\t\t\t<\/div>\n\t\t\t\t<\/div>\n\t\t<div class=\"elementor-element elementor-element-f91605d e-flex e-con-boxed e-con e-parent\" data-id=\"f91605d\" data-element_type=\"container\" data-settings=\"{&quot;_ha_eqh_enable&quot;:false}\">\n\t\t\t\t\t<div class=\"e-con-inner\">\n\t\t\t\t<div class=\"elementor-element elementor-element-5537577 elementor-widget elementor-widget-spacer\" data-id=\"5537577\" data-element_type=\"widget\" data-widget_type=\"spacer.default\">\n\t\t\t\t<div class=\"elementor-widget-container\">\n\t\t\t\t\t<div class=\"elementor-spacer\">\n\t\t\t<div class=\"elementor-spacer-inner\"><\/div>\n\t\t<\/div>\n\t\t\t\t<\/div>\n\t\t\t\t<\/div>\n\t\t\t\t\t<\/div>\n\t\t\t\t<\/div>\n\t\t\t\t<\/div>\n\t\t","protected":false},"excerpt":{"rendered":"<p>Driver management Behalten Sie den \u00dcberblick \u00fcber die Gesamtplanung, weisen Sie Ihren Fahrern Transporte zu und behalten Sie deren Status auf der Stra\u00dfe im Auge. Vorteile Erreiche mehr mit UTURN Flexibilit\u00e4t und Kontrolle Optimieren Sie Ihre Planung Effizienz durch Erfahrung und F\u00e4higkeiten Fahrer k\u00f6nnen einfach die Mobile App nutzen Schlie\u00dfen Sie sich \u00fcber 1000 UTURN-Kunden [&hellip;]<\/p>\n","protected":false},"author":25,"featured_media":0,"parent":0,"menu_order":0,"comment_status":"closed","ping_status":"closed","template":"","meta":{"content-type":"","footnotes":""},"class_list":["post-31619","page","type-page","status-publish","hentry"],"yoast_head":"<!-- This site is optimized with the Yoast SEO plugin v23.5 - https:\/\/yoast.com\/wordpress\/plugins\/seo\/ -->\n<title>Driver management - UTURN<\/title>\n<meta name=\"description\" content=\"Behalten Sie den \u00dcberblick \u00fcber die Gesamtplanung, weisen Sie Ihren Fahrern Transporte zu und behalten Sie deren Status auf der Stra\u00dfe im Auge.\" \/>\n<meta name=\"robots\" content=\"index, follow, max-snippet:-1, max-image-preview:large, max-video-preview:-1\" \/>\n<link rel=\"canonical\" href=\"https:\/\/uturn-now.com\/de\/driver-management\/\" \/>\n<meta property=\"og:locale\" content=\"de_DE\" \/>\n<meta property=\"og:type\" content=\"article\" \/>\n<meta property=\"og:title\" content=\"Driver management - UTURN\" \/>\n<meta property=\"og:description\" content=\"Behalten Sie den \u00dcberblick \u00fcber die Gesamtplanung, weisen Sie Ihren Fahrern Transporte zu und behalten Sie deren Status auf der Stra\u00dfe im Auge.\" \/>\n<meta property=\"og:url\" content=\"https:\/\/uturn-now.com\/de\/driver-management\/\" \/>\n<meta property=\"og:site_name\" content=\"UTURN\" \/>\n<meta property=\"article:publisher\" content=\"https:\/\/www.facebook.com\/UTURNbv\/\" \/>\n<meta property=\"article:modified_time\" content=\"2024-07-17T14:49:02+00:00\" \/>\n<meta property=\"og:image\" content=\"https:\/\/uturn-now.com\/wp-content\/uploads\/2023\/07\/Yang_Ming.jpg\" \/>\n<meta name=\"twitter:card\" content=\"summary_large_image\" \/>\n<meta name=\"twitter:label1\" content=\"Gesch\u00e4tzte Lesezeit\" \/>\n\t<meta name=\"twitter:data1\" content=\"4\u00a0Minuten\" \/>\n<script type=\"application\/ld+json\" class=\"yoast-schema-graph\">{\"@context\":\"https:\/\/schema.org\",\"@graph\":[{\"@type\":\"WebPage\",\"@id\":\"https:\/\/uturn-now.com\/de\/driver-management\/\",\"url\":\"https:\/\/uturn-now.com\/de\/driver-management\/\",\"name\":\"Driver management - UTURN\",\"isPartOf\":{\"@id\":\"https:\/\/uturn-now.com\/de\/#website\"},\"primaryImageOfPage\":{\"@id\":\"https:\/\/uturn-now.com\/de\/driver-management\/#primaryimage\"},\"image\":{\"@id\":\"https:\/\/uturn-now.com\/de\/driver-management\/#primaryimage\"},\"thumbnailUrl\":\"https:\/\/uturn-now.com\/wp-content\/uploads\/2023\/07\/Yang_Ming.jpg\",\"datePublished\":\"2024-06-21T08:57:44+00:00\",\"dateModified\":\"2024-07-17T14:49:02+00:00\",\"description\":\"Behalten Sie den \u00dcberblick \u00fcber die Gesamtplanung, weisen Sie Ihren Fahrern Transporte zu und behalten Sie deren Status auf der Stra\u00dfe im Auge.\",\"breadcrumb\":{\"@id\":\"https:\/\/uturn-now.com\/de\/driver-management\/#breadcrumb\"},\"inLanguage\":\"de\",\"potentialAction\":[{\"@type\":\"ReadAction\",\"target\":[\"https:\/\/uturn-now.com\/de\/driver-management\/\"]}]},{\"@type\":\"ImageObject\",\"inLanguage\":\"de\",\"@id\":\"https:\/\/uturn-now.com\/de\/driver-management\/#primaryimage\",\"url\":\"https:\/\/uturn-now.com\/wp-content\/uploads\/2023\/07\/Yang_Ming.jpg\",\"contentUrl\":\"https:\/\/uturn-now.com\/wp-content\/uploads\/2023\/07\/Yang_Ming.jpg\"},{\"@type\":\"BreadcrumbList\",\"@id\":\"https:\/\/uturn-now.com\/de\/driver-management\/#breadcrumb\",\"itemListElement\":[{\"@type\":\"ListItem\",\"position\":1,\"name\":\"Home\",\"item\":\"https:\/\/uturn-now.com\/de\/\"},{\"@type\":\"ListItem\",\"position\":2,\"name\":\"Driver management\"}]},{\"@type\":\"WebSite\",\"@id\":\"https:\/\/uturn-now.com\/de\/#website\",\"url\":\"https:\/\/uturn-now.com\/de\/\",\"name\":\"UTURN\",\"description\":\"Matchmaker in container transport\",\"publisher\":{\"@id\":\"https:\/\/uturn-now.com\/de\/#organization\"},\"potentialAction\":[{\"@type\":\"SearchAction\",\"target\":{\"@type\":\"EntryPoint\",\"urlTemplate\":\"https:\/\/uturn-now.com\/de\/?s={search_term_string}\"},\"query-input\":{\"@type\":\"PropertyValueSpecification\",\"valueRequired\":true,\"valueName\":\"search_term_string\"}}],\"inLanguage\":\"de\"},{\"@type\":\"Organization\",\"@id\":\"https:\/\/uturn-now.com\/de\/#organization\",\"name\":\"UTURN\",\"alternateName\":\"UTURN - Container Platform\",\"url\":\"https:\/\/uturn-now.com\/de\/\",\"logo\":{\"@type\":\"ImageObject\",\"inLanguage\":\"de\",\"@id\":\"https:\/\/uturn-now.com\/de\/#\/schema\/logo\/image\/\",\"url\":\"https:\/\/uturn-now.com\/wp-content\/uploads\/2025\/02\/Logo-UTURN.jpg\",\"contentUrl\":\"https:\/\/uturn-now.com\/wp-content\/uploads\/2025\/02\/Logo-UTURN.jpg\",\"width\":791,\"height\":792,\"caption\":\"UTURN\"},\"image\":{\"@id\":\"https:\/\/uturn-now.com\/de\/#\/schema\/logo\/image\/\"},\"sameAs\":[\"https:\/\/www.facebook.com\/UTURNbv\/\",\"https:\/\/www.linkedin.com\/company\/17994967\/\"]}]}<\/script>\n<!-- \/ Yoast SEO plugin. -->","yoast_head_json":{"title":"Driver management - UTURN","description":"Behalten Sie den \u00dcberblick \u00fcber die Gesamtplanung, weisen Sie Ihren Fahrern Transporte zu und behalten Sie deren Status auf der Stra\u00dfe im Auge.","robots":{"index":"index","follow":"follow","max-snippet":"max-snippet:-1","max-image-preview":"max-image-preview:large","max-video-preview":"max-video-preview:-1"},"canonical":"https:\/\/uturn-now.com\/de\/driver-management\/","og_locale":"de_DE","og_type":"article","og_title":"Driver management - UTURN","og_description":"Behalten Sie den \u00dcberblick \u00fcber die Gesamtplanung, weisen Sie Ihren Fahrern Transporte zu und behalten Sie deren Status auf der Stra\u00dfe im Auge.","og_url":"https:\/\/uturn-now.com\/de\/driver-management\/","og_site_name":"UTURN","article_publisher":"https:\/\/www.facebook.com\/UTURNbv\/","article_modified_time":"2024-07-17T14:49:02+00:00","og_image":[{"url":"https:\/\/uturn-now.com\/wp-content\/uploads\/2023\/07\/Yang_Ming.jpg"}],"twitter_card":"summary_large_image","twitter_misc":{"Gesch\u00e4tzte Lesezeit":"4\u00a0Minuten"},"schema":{"@context":"https:\/\/schema.org","@graph":[{"@type":"WebPage","@id":"https:\/\/uturn-now.com\/de\/driver-management\/","url":"https:\/\/uturn-now.com\/de\/driver-management\/","name":"Driver management - UTURN","isPartOf":{"@id":"https:\/\/uturn-now.com\/de\/#website"},"primaryImageOfPage":{"@id":"https:\/\/uturn-now.com\/de\/driver-management\/#primaryimage"},"image":{"@id":"https:\/\/uturn-now.com\/de\/driver-management\/#primaryimage"},"thumbnailUrl":"https:\/\/uturn-now.com\/wp-content\/uploads\/2023\/07\/Yang_Ming.jpg","datePublished":"2024-06-21T08:57:44+00:00","dateModified":"2024-07-17T14:49:02+00:00","description":"Behalten Sie den \u00dcberblick \u00fcber die Gesamtplanung, weisen Sie Ihren Fahrern Transporte zu und behalten Sie deren Status auf der Stra\u00dfe im Auge.","breadcrumb":{"@id":"https:\/\/uturn-now.com\/de\/driver-management\/#breadcrumb"},"inLanguage":"de","potentialAction":[{"@type":"ReadAction","target":["https:\/\/uturn-now.com\/de\/driver-management\/"]}]},{"@type":"ImageObject","inLanguage":"de","@id":"https:\/\/uturn-now.com\/de\/driver-management\/#primaryimage","url":"https:\/\/uturn-now.com\/wp-content\/uploads\/2023\/07\/Yang_Ming.jpg","contentUrl":"https:\/\/uturn-now.com\/wp-content\/uploads\/2023\/07\/Yang_Ming.jpg"},{"@type":"BreadcrumbList","@id":"https:\/\/uturn-now.com\/de\/driver-management\/#breadcrumb","itemListElement":[{"@type":"ListItem","position":1,"name":"Home","item":"https:\/\/uturn-now.com\/de\/"},{"@type":"ListItem","position":2,"name":"Driver management"}]},{"@type":"WebSite","@id":"https:\/\/uturn-now.com\/de\/#website","url":"https:\/\/uturn-now.com\/de\/","name":"UTURN","description":"Matchmaker in container transport","publisher":{"@id":"https:\/\/uturn-now.com\/de\/#organization"},"potentialAction":[{"@type":"SearchAction","target":{"@type":"EntryPoint","urlTemplate":"https:\/\/uturn-now.com\/de\/?s={search_term_string}"},"query-input":{"@type":"PropertyValueSpecification","valueRequired":true,"valueName":"search_term_string"}}],"inLanguage":"de"},{"@type":"Organization","@id":"https:\/\/uturn-now.com\/de\/#organization","name":"UTURN","alternateName":"UTURN - Container Platform","url":"https:\/\/uturn-now.com\/de\/","logo":{"@type":"ImageObject","inLanguage":"de","@id":"https:\/\/uturn-now.com\/de\/#\/schema\/logo\/image\/","url":"https:\/\/uturn-now.com\/wp-content\/uploads\/2025\/02\/Logo-UTURN.jpg","contentUrl":"https:\/\/uturn-now.com\/wp-content\/uploads\/2025\/02\/Logo-UTURN.jpg","width":791,"height":792,"caption":"UTURN"},"image":{"@id":"https:\/\/uturn-now.com\/de\/#\/schema\/logo\/image\/"},"sameAs":["https:\/\/www.facebook.com\/UTURNbv\/","https:\/\/www.linkedin.com\/company\/17994967\/"]}]}},"_links":{"self":[{"href":"https:\/\/uturn-now.com\/de\/wp-json\/wp\/v2\/pages\/31619"}],"collection":[{"href":"https:\/\/uturn-now.com\/de\/wp-json\/wp\/v2\/pages"}],"about":[{"href":"https:\/\/uturn-now.com\/de\/wp-json\/wp\/v2\/types\/page"}],"author":[{"embeddable":true,"href":"https:\/\/uturn-now.com\/de\/wp-json\/wp\/v2\/users\/25"}],"replies":[{"embeddable":true,"href":"https:\/\/uturn-now.com\/de\/wp-json\/wp\/v2\/comments?post=31619"}],"version-history":[{"count":9,"href":"https:\/\/uturn-now.com\/de\/wp-json\/wp\/v2\/pages\/31619\/revisions"}],"predecessor-version":[{"id":31629,"href":"https:\/\/uturn-now.com\/de\/wp-json\/wp\/v2\/pages\/31619\/revisions\/31629"}],"wp:attachment":[{"href":"https:\/\/uturn-now.com\/de\/wp-json\/wp\/v2\/media?parent=31619"}],"curies":[{"name":"wp","href":"https:\/\/api.w.org\/{rel}","templated":true}]}}